{"id":72,"date":"2018-02-20T07:18:16","date_gmt":"2018-02-20T07:18:16","guid":{"rendered":"http:\/\/localhost\/albo\/?page_id=72"},"modified":"2021-09-30T06:11:30","modified_gmt":"2021-09-30T06:11:30","slug":"beratung","status":"publish","type":"page","link":"https:\/\/www.albo-verwaltung.ch\/index.php\/dienstleistungen\/beratung\/","title":{"rendered":"Beratungskompetenz"},"content":{"rendered":"<p><strong><span style=\"vertical-align: inherit;\"><span style=\"vertical-align: inherit;\"><span style=\"vertical-align: inherit;\"><span style=\"vertical-align: inherit;\">Pers\u00f6nlich<\/span><\/span><\/span><\/span><br \/>\n<\/strong><span style=\"vertical-align: inherit;\"><span style=\"vertical-align: inherit;\"><span style=\"vertical-align: inherit;\"><span style=\"vertical-align: inherit;\"> Hinter allen Partnern stehen Personen. <\/span><\/span><\/span><span style=\"vertical-align: inherit;\"><span style=\"vertical-align: inherit;\"><span style=\"vertical-align: inherit;\">Wir legen einen gro\u00dfen Wert auf eine pers\u00f6nliche und auf Kontinuit\u00e4t ausgerichtete Beratung.<\/span><\/span><\/span><\/span><\/p>\n<p><strong><span style=\"vertical-align: inherit;\"><span style=\"vertical-align: inherit;\"><span style=\"vertical-align: inherit;\"><span style=\"vertical-align: inherit;\">Engagiert<\/span><\/span><\/span><\/span><br \/>\n<\/strong><span style=\"vertical-align: inherit;\"><span style=\"vertical-align: inherit;\"><span style=\"vertical-align: inherit;\"><span style=\"vertical-align: inherit;\"> Unsere Beratung basiert auf grossem pers\u00f6nlichem Engagement. <\/span><\/span><\/span><span style=\"vertical-align: inherit;\"><span style=\"vertical-align: inherit;\"><span style=\"vertical-align: inherit;\">Nebst der selbstverst\u00e4ndlichen fachlichen Kompetenz ist ein engagiertes Handeln oberste Priorit\u00e4t f\u00fcr uns.<\/span><\/span><\/span><\/span><\/p>\n<p><strong><span style=\"vertical-align: inherit;\"><span style=\"vertical-align: inherit;\"><span style=\"vertical-align: inherit;\"><span style=\"vertical-align: inherit;\">Kompetent<\/span><\/span><\/span><\/span><br \/>\n<\/strong><span style=\"vertical-align: inherit;\"><span style=\"vertical-align: inherit;\"><span style=\"vertical-align: inherit;\"><span style=\"vertical-align: inherit;\"> Kompetenz ist die Grundlage des Erfolgs! <\/span><\/span><\/span><span style=\"vertical-align: inherit;\"><span style=\"vertical-align: inherit;\"><span style=\"vertical-align: inherit;\">Durch unsere profunde Ausbildung und Erfahrung sind wir in der Lage, unseren Kunden eine ganzheitliche Beratung anzubieten.<\/span><\/span><\/span><\/span><\/p>\n<p><strong><span style=\"vertical-align: inherit;\"><span style=\"vertical-align: inherit;\"><span style=\"vertical-align: inherit;\"><span style=\"vertical-align: inherit;\">Unabh\u00e4ngige und vermittelnde<\/span><\/span><\/span><\/span><\/strong><br \/>\n<span style=\"vertical-align: inherit;\"><span style=\"vertical-align: inherit;\"><span style=\"vertical-align: inherit;\"><span style=\"vertical-align: inherit;\"> Guten Ideen sind ohne Finanzierung Schranken gesetzt. <\/span><\/span><\/span><span style=\"vertical-align: inherit;\"><span style=\"vertical-align: inherit;\"><span style=\"vertical-align: inherit;\">Dank unserer eigenen Erfahrung im Bankensektor k\u00f6nnen wir unsere Kunden bei Finanzierungsfragen optimal unterst\u00fctzen. <\/span><\/span><\/span><span style=\"vertical-align: inherit;\"><span style=\"vertical-align: inherit;\"><span style=\"vertical-align: inherit;\">Wir legen gro\u00dfen Wert darauf, dass zwischen unseren Kunden und den Banken eine partnerschaftliche Beziehung aufgebaut werden kann. <\/span><\/span><\/span><span style=\"vertical-align: inherit;\"><span style=\"vertical-align: inherit;\"><span style=\"vertical-align: inherit;\">Wir beraten die Gesch\u00e4ftskunden gerne bei der Ausarbeitung von Business-Pl\u00e4nen und Finanzkennzahlen. <\/span><\/span><\/span><\/span><br \/>\n<span style=\"vertical-align: inherit;\"><span style=\"vertical-align: inherit;\"><span style=\"vertical-align: inherit;\"><span style=\"vertical-align: inherit;\">Wir handeln jederzeit unabh\u00e4ngig und vermittelnd.<\/span><\/span><\/span><\/span><\/p>\n<p><strong><span style=\"vertical-align: inherit;\"><span style=\"vertical-align: inherit;\"><span style=\"vertical-align: inherit;\"><span style=\"vertical-align: inherit;\">Zukunftsorientiert<\/span><\/span><\/span><\/span><\/strong><br \/>\n<span style=\"vertical-align: inherit;\"><span style=\"vertical-align: inherit;\"><span style=\"vertical-align: inherit;\"><span style=\"vertical-align: inherit;\"> Wir beraten unsere Kunden zukunftsorientiert, denn der buchhalterische Nachvollzug der Vergangenheit ist wichtig; <\/span><\/span><\/span><span style=\"vertical-align: inherit;\"><span style=\"vertical-align: inherit;\"><span style=\"vertical-align: inherit;\">die Zukunftsgestaltung jedoch bedingt die st\u00e4ndige Weiterentwicklung eines Unternehmens. <\/span><\/span><\/span><span style=\"vertical-align: inherit;\"><span style=\"vertical-align: inherit;\"><span style=\"vertical-align: inherit;\">Wir unterst\u00fctzen unsere Kunden bei der Erarbeitung und Neuausrichtung der Unternehmenspolitik und -strategie.<\/span><\/span><\/span><\/span><\/p>\n","protected":false},"excerpt":{"rendered":"<p>Pers\u00f6nlich Hinter allen Partnern stehen Personen. Wir legen einen gro\u00dfen Wert auf eine pers\u00f6nliche und auf Kontinuit\u00e4t ausgerichtete Beratung. Engagiert Unsere Beratung basiert auf grossem pers\u00f6nlichem Engagement. Nebst der selbstverst\u00e4ndlichen fachlichen Kompetenz ist ein engagiertes Handeln oberste Priorit\u00e4t f\u00fcr uns. Kompetent Kompetenz ist die Grundlage des Erfolgs! Durch unsere profunde Ausbildung und Erfahrung sind wir &hellip; <\/p>\n<p class=\"link-more\"><a href=\"https:\/\/www.albo-verwaltung.ch\/index.php\/dienstleistungen\/beratung\/\" class=\"more-link\">Continue reading<span class=\"screen-reader-text\"> &#8220;Beratungskompetenz&#8221;<\/span><\/a><\/p>\n","protected":false},"author":1,"featured_media":0,"parent":52,"menu_order":1,"comment_status":"closed","ping_status":"closed","template":"","meta":{"footnotes":""},"class_list":["post-72","page","type-page","status-publish","hentry"],"_links":{"self":[{"href":"https:\/\/www.albo-verwaltung.ch\/index.php\/wp-json\/wp\/v2\/pages\/72","targetHints":{"allow":["GET"]}}],"collection":[{"href":"https:\/\/www.albo-verwaltung.ch\/index.php\/wp-json\/wp\/v2\/pages"}],"about":[{"href":"https:\/\/www.albo-verwaltung.ch\/index.php\/wp-json\/wp\/v2\/types\/page"}],"author":[{"embeddable":true,"href":"https:\/\/www.albo-verwaltung.ch\/index.php\/wp-json\/wp\/v2\/users\/1"}],"replies":[{"embeddable":true,"href":"https:\/\/www.albo-verwaltung.ch\/index.php\/wp-json\/wp\/v2\/comments?post=72"}],"version-history":[{"count":10,"href":"https:\/\/www.albo-verwaltung.ch\/index.php\/wp-json\/wp\/v2\/pages\/72\/revisions"}],"predecessor-version":[{"id":398,"href":"https:\/\/www.albo-verwaltung.ch\/index.php\/wp-json\/wp\/v2\/pages\/72\/revisions\/398"}],"up":[{"embeddable":true,"href":"https:\/\/www.albo-verwaltung.ch\/index.php\/wp-json\/wp\/v2\/pages\/52"}],"wp:attachment":[{"href":"https:\/\/www.albo-verwaltung.ch\/index.php\/wp-json\/wp\/v2\/media?parent=72"}],"curies":[{"name":"wp","href":"https:\/\/api.w.org\/{rel}","templated":true}]}}