{"id":70,"date":"2018-02-20T07:18:03","date_gmt":"2018-02-20T07:18:03","guid":{"rendered":"http:\/\/localhost\/albo\/?page_id=70"},"modified":"2021-09-30T06:11:30","modified_gmt":"2021-09-30T06:11:30","slug":"steuern","status":"publish","type":"page","link":"https:\/\/www.albo-verwaltung.ch\/index.php\/dienstleistungen\/steuern\/","title":{"rendered":"Steuern"},"content":{"rendered":"<p><strong>Steuerberatung<br \/>\n<\/strong>Unsere Beratung in steuerrelevanten Entscheiden beschr\u00e4nken sich in erster Linie auf Privatpersonen. Gesch\u00e4ftskunden vermitteln wir bei komplexen Steuerfragen an einen kompetenten Partner.<\/p>\n<p><strong>Steuererkl\u00e4rungen<\/strong><br \/>\nWir bieten das Erstellen von Steuererkl\u00e4rungen f\u00fcr Privatpersonen an. Unsere Kunden d\u00fcrfen damit rechnen, dass sie die kompletten Unterlagen innerhalb von 10 Tagen nach Einreichen zur\u00fcckerhalten.<\/p>\n<p><strong>Budgetierung<br \/>\n<\/strong>Wir empfehlen ihnen auch als Privatperson ein Jahresbudget zu erstellen. Wir verf\u00fcgen \u00fcber grosse Erfahrung und die entsprechenden Anwendungstools.<\/p>\n","protected":false},"excerpt":{"rendered":"<p>Steuerberatung Unsere Beratung in steuerrelevanten Entscheiden beschr\u00e4nken sich in erster Linie auf Privatpersonen. Gesch\u00e4ftskunden vermitteln wir bei komplexen Steuerfragen an einen kompetenten Partner. Steuererkl\u00e4rungen Wir bieten das Erstellen von Steuererkl\u00e4rungen f\u00fcr Privatpersonen an. Unsere Kunden d\u00fcrfen damit rechnen, dass sie die kompletten Unterlagen innerhalb von 10 Tagen nach Einreichen zur\u00fcckerhalten. Budgetierung Wir empfehlen ihnen auch &hellip; <\/p>\n<p class=\"link-more\"><a href=\"https:\/\/www.albo-verwaltung.ch\/index.php\/dienstleistungen\/steuern\/\" class=\"more-link\">Continue reading<span class=\"screen-reader-text\"> &#8220;Steuern&#8221;<\/span><\/a><\/p>\n","protected":false},"author":1,"featured_media":0,"parent":52,"menu_order":2,"comment_status":"closed","ping_status":"closed","template":"","meta":{"footnotes":""},"class_list":["post-70","page","type-page","status-publish","hentry"],"_links":{"self":[{"href":"https:\/\/www.albo-verwaltung.ch\/index.php\/wp-json\/wp\/v2\/pages\/70","targetHints":{"allow":["GET"]}}],"collection":[{"href":"https:\/\/www.albo-verwaltung.ch\/index.php\/wp-json\/wp\/v2\/pages"}],"about":[{"href":"https:\/\/www.albo-verwaltung.ch\/index.php\/wp-json\/wp\/v2\/types\/page"}],"author":[{"embeddable":true,"href":"https:\/\/www.albo-verwaltung.ch\/index.php\/wp-json\/wp\/v2\/users\/1"}],"replies":[{"embeddable":true,"href":"https:\/\/www.albo-verwaltung.ch\/index.php\/wp-json\/wp\/v2\/comments?post=70"}],"version-history":[{"count":7,"href":"https:\/\/www.albo-verwaltung.ch\/index.php\/wp-json\/wp\/v2\/pages\/70\/revisions"}],"predecessor-version":[{"id":392,"href":"https:\/\/www.albo-verwaltung.ch\/index.php\/wp-json\/wp\/v2\/pages\/70\/revisions\/392"}],"up":[{"embeddable":true,"href":"https:\/\/www.albo-verwaltung.ch\/index.php\/wp-json\/wp\/v2\/pages\/52"}],"wp:attachment":[{"href":"https:\/\/www.albo-verwaltung.ch\/index.php\/wp-json\/wp\/v2\/media?parent=70"}],"curies":[{"name":"wp","href":"https:\/\/api.w.org\/{rel}","templated":true}]}}