{"id":340,"date":"2020-01-03T11:46:42","date_gmt":"2020-01-03T11:46:42","guid":{"rendered":"https:\/\/www.albo-verwaltung.ch\/?page_id=340"},"modified":"2021-09-30T06:11:30","modified_gmt":"2021-09-30T06:11:30","slug":"immobilien","status":"publish","type":"page","link":"https:\/\/www.albo-verwaltung.ch\/index.php\/dienstleistungen\/immobilien\/","title":{"rendered":"Immobilien"},"content":{"rendered":"<p>Im Immobilienbereich verf\u00fcgen wir \u00fcber langj\u00e4hrige und fundierte Erfahrung. Wir beraten und unterst\u00fctzen sie gerne beim Kauf oder Verkauf von Liegenschaften. Zudem k\u00f6nnen wir sie unterst\u00fctzen und beraten bei der Vorbereitung auf ein Finanzierungsgespr\u00e4ch bei ihrer Bank.<br \/>\nWir \u00fcbernehmen auch Immobilienverwaltungen.<\/p>\n","protected":false},"excerpt":{"rendered":"<p>Im Immobilienbereich verf\u00fcgen wir \u00fcber langj\u00e4hrige und fundierte Erfahrung. Wir beraten und unterst\u00fctzen sie gerne beim Kauf oder Verkauf von Liegenschaften. Zudem k\u00f6nnen wir sie unterst\u00fctzen und beraten bei der Vorbereitung auf ein Finanzierungsgespr\u00e4ch bei ihrer Bank. Wir \u00fcbernehmen auch Immobilienverwaltungen.<\/p>\n","protected":false},"author":2,"featured_media":0,"parent":52,"menu_order":0,"comment_status":"closed","ping_status":"closed","template":"","meta":{"footnotes":""},"class_list":["post-340","page","type-page","status-publish","hentry"],"_links":{"self":[{"href":"https:\/\/www.albo-verwaltung.ch\/index.php\/wp-json\/wp\/v2\/pages\/340","targetHints":{"allow":["GET"]}}],"collection":[{"href":"https:\/\/www.albo-verwaltung.ch\/index.php\/wp-json\/wp\/v2\/pages"}],"about":[{"href":"https:\/\/www.albo-verwaltung.ch\/index.php\/wp-json\/wp\/v2\/types\/page"}],"author":[{"embeddable":true,"href":"https:\/\/www.albo-verwaltung.ch\/index.php\/wp-json\/wp\/v2\/users\/2"}],"replies":[{"embeddable":true,"href":"https:\/\/www.albo-verwaltung.ch\/index.php\/wp-json\/wp\/v2\/comments?post=340"}],"version-history":[{"count":4,"href":"https:\/\/www.albo-verwaltung.ch\/index.php\/wp-json\/wp\/v2\/pages\/340\/revisions"}],"predecessor-version":[{"id":378,"href":"https:\/\/www.albo-verwaltung.ch\/index.php\/wp-json\/wp\/v2\/pages\/340\/revisions\/378"}],"up":[{"embeddable":true,"href":"https:\/\/www.albo-verwaltung.ch\/index.php\/wp-json\/wp\/v2\/pages\/52"}],"wp:attachment":[{"href":"https:\/\/www.albo-verwaltung.ch\/index.php\/wp-json\/wp\/v2\/media?parent=340"}],"curies":[{"name":"wp","href":"https:\/\/api.w.org\/{rel}","templated":true}]}}