{"id":338,"date":"2020-01-03T11:46:11","date_gmt":"2020-01-03T11:46:11","guid":{"rendered":"https:\/\/www.albo-verwaltung.ch\/?page_id=338"},"modified":"2021-09-30T06:11:30","modified_gmt":"2021-09-30T06:11:30","slug":"neugrundungen","status":"publish","type":"page","link":"https:\/\/www.albo-verwaltung.ch\/index.php\/dienstleistungen\/neugrundungen\/","title":{"rendered":"Neugr\u00fcndungen"},"content":{"rendered":"<p>Bei der Neugr\u00fcndung einer Firma gilt es die Vor- und Nachteile der verschiedenen Formen wie Personengesellschaft, juristische Person usw. abzuw\u00e4gen um den richtigen Entscheid zu treffen.<\/p>\n<p>Auch bei der Gr\u00fcndung eines Vereins oder einer Genossenschaft k\u00f6nnen wir ihnen beim Erstellen von Statuten und der Gr\u00fcndungsversammlung behilflich sein.<\/p>\n","protected":false},"excerpt":{"rendered":"<p>Bei der Neugr\u00fcndung einer Firma gilt es die Vor- und Nachteile der verschiedenen Formen wie Personengesellschaft, juristische Person usw. abzuw\u00e4gen um den richtigen Entscheid zu treffen. Auch bei der Gr\u00fcndung eines Vereins oder einer Genossenschaft k\u00f6nnen wir ihnen beim Erstellen von Statuten und der Gr\u00fcndungsversammlung behilflich sein.<\/p>\n","protected":false},"author":2,"featured_media":0,"parent":52,"menu_order":0,"comment_status":"closed","ping_status":"closed","template":"","meta":{"footnotes":""},"class_list":["post-338","page","type-page","status-publish","hentry"],"_links":{"self":[{"href":"https:\/\/www.albo-verwaltung.ch\/index.php\/wp-json\/wp\/v2\/pages\/338","targetHints":{"allow":["GET"]}}],"collection":[{"href":"https:\/\/www.albo-verwaltung.ch\/index.php\/wp-json\/wp\/v2\/pages"}],"about":[{"href":"https:\/\/www.albo-verwaltung.ch\/index.php\/wp-json\/wp\/v2\/types\/page"}],"author":[{"embeddable":true,"href":"https:\/\/www.albo-verwaltung.ch\/index.php\/wp-json\/wp\/v2\/users\/2"}],"replies":[{"embeddable":true,"href":"https:\/\/www.albo-verwaltung.ch\/index.php\/wp-json\/wp\/v2\/comments?post=338"}],"version-history":[{"count":3,"href":"https:\/\/www.albo-verwaltung.ch\/index.php\/wp-json\/wp\/v2\/pages\/338\/revisions"}],"predecessor-version":[{"id":362,"href":"https:\/\/www.albo-verwaltung.ch\/index.php\/wp-json\/wp\/v2\/pages\/338\/revisions\/362"}],"up":[{"embeddable":true,"href":"https:\/\/www.albo-verwaltung.ch\/index.php\/wp-json\/wp\/v2\/pages\/52"}],"wp:attachment":[{"href":"https:\/\/www.albo-verwaltung.ch\/index.php\/wp-json\/wp\/v2\/media?parent=338"}],"curies":[{"name":"wp","href":"https:\/\/api.w.org\/{rel}","templated":true}]}}